{"id":35,"date":"2022-10-23T23:22:09","date_gmt":"2022-10-23T23:22:09","guid":{"rendered":"https:\/\/babyconfort.ro\/?page_id=35"},"modified":"2022-10-23T23:22:22","modified_gmt":"2022-10-23T23:22:22","slug":"termeni-conditii","status":"publish","type":"page","link":"https:\/\/babyconfort.ro\/en\/termeni-conditii\/","title":{"rendered":"Termeni si conditii"},"content":{"rendered":"<p>Site-ul www.babyconfort.ro este proprietatea SC EUROPE ONE DREAM TREND SRL cu sediul social \u00een Str. Lotrioara nr. 5, bl. V31, sc. 1, ap. 22, sector 3, Bucure\u0219ti, \u00eenmatriculat\u0103 la Registrul Comer\u021bului sub nr. J40\/29934\/1992, Cod Unic de \u00cenregistrare RO7060930, denumit\u0103 pe parcursul acestor termeni \u0219i condi\u021bii, www.babyconfort.ro.<\/p>\n\n\n\n<p>babyconfort.ro este specializ\u0103 \u00een v\u00e2nzarea online, \u00een mare parte a produselor de igien\u0103 personal\u0103 pentru copii. babyconfort.ro vinde produse exclusiv prin intermediul site-ului www.babyconfort.ro.<\/p>\n\n\n\n<p>Persoana fizica care comand\u0103 \u0219i achizi\u021bioneaz\u0103 produse prin intermediul site-ului www.babyconfort.ro, este denumit pe parcursul acestor termeni \u0219i condi\u021bii, \u201cClient\u201d.<\/p>\n\n\n\n<p>\u00cenainte de efectuarea oric\u0103rei tranzac\u021bii <strong>Clientul<\/strong> este obligat s\u0103 ia la cuno\u0219tin\u021b\u0103 \u0219i s\u0103 accepte termenii \u0219i condi\u021biile bif\u00e2nd c\u0103su\u021ba&nbsp; \u201cSunt de acord cu termenii \u0219i condi\u021biile \u201c. Pentru folosirea \u00een bune condi\u021bii a site-ului, Clientul are obliga\u021bia de a citi cu aten\u021bie termenii \u0219i condi\u021biile prev\u0103zute \u00een acesta.<\/p>\n\n\n\n<p>babyconfort.ro \u00ee\u0219i rezerv\u0103 dreptul de a modifica prezentul contract ori de cate ori este necesar, Clientul urm\u00e2nd a fi \u00een\u0219tiin\u021bat despre aceste modific\u0103ri \u00een momentul acces\u0103rii site-ului. Continuarea folosirii site-ului prin comandarea \u0219i achizi\u021bionarea de produse, se consider\u0103 acceptul acestuia cu privire la modific\u0103rile f\u0103cute.<\/p>\n\n\n\n<p>Toate comenzile efectuate prin intermediul site-ului www.babyconfort.ro vor fi validate \u00een limita stocului disponibil, www.babyconfort.ro rezerv\u00e2ndu-\u0219i dreptul de a limita cantit\u0103\u021bile comandate de c\u0103tre Client sau de a refuza livrarea unei comenzi f\u0103r\u0103 explica\u021bii suplimentare.<\/p>\n\n\n\n<p><strong>Num\u0103r telefon serviciu rela\u021bii cu clien\u021bii:<\/strong> 0758.11.11.22<\/p>\n\n\n\n<p>Sediu Social:<\/p>\n\n\n\n<p>Adresa : Str. Lotrioara nr. 5, bl. V31, sc. 1, ap. 22, sector 3, Bucure\u0219ti<\/p>\n\n\n\n<p><strong>Punct de lucru:<\/strong><\/p>\n\n\n\n<p>Adresa : SC Europe One Dream Trend SRL, <strong>Otopeni<\/strong><\/p>\n\n\n\n<p>Site-ul este accesibil clien\u021bilor 24 de ore din 24, 7 zile din 7 in afara cazurilor \u00een care se efectueaz\u0103 opera\u021biuni de mentenan\u021b\u0103.<\/p>\n\n\n\n<p><strong>1. OBIECT<\/strong><\/p>\n\n\n\n<p>Prezentul contract denumit \u201dTermeni si condi\u021bii\u201d descrie condi\u021biile generale de v\u00e2nzare online de bunuri \u0219i servicii \u00eentre www.babyconfort.ro \u0219i Client, precum \u0219i drepturile \u0219i obliga\u021biile acestora. Contractul poate fi salvat \u0219i\/sau imprimat pe suport de h\u00e2rtie.<\/p>\n\n\n\n<p><strong>2. INREGISTRAREA CLIENTULUI<\/strong><\/p>\n\n\n\n<p>Clientul este orice persoan\u0103 fizic\u0103 cu v\u00e2rsta de peste 18 ani care are toate drepturile legale s\u0103 valideze o comand\u0103. Select\u00e2nd iconi\u021ba \u201eCONFIRM\u0102 COMANDA\u201d Clientul confirm\u0103 \u0219i garanteaz\u0103 c\u0103 este \u00een deplin\u0103tatea drepturilor legale s\u0103 accepte termenii \u0219i condi\u021biile.<\/p>\n\n\n\n<p>&nbsp;<strong>3. MODIFICAREA \u201eTERMENILOR \u0218I CONDI\u021aIILOR\u201d<\/strong><\/p>\n\n\n\n<p>babyconfort.ro \u00ee\u0219i rezerv\u0103 dreptul de a modifica \u00een orice moment \u201eTermenii \u0219i Condi\u021biile\u201d, Clientul urm\u00e2nd a fi \u00een\u0219tiin\u021bat despre aceste modific\u0103ri \u00een momentul acces\u0103rii site-ului. Continuarea folosirii site-ului prin comandarea si achizi\u021bionarea de produse se consider\u0103 acceptul acestuia cu privire la modific\u0103rile f\u0103cute. Noile condi\u021bii vor fi aplicate oric\u0103rei comenzi\/tranzac\u021bii \u00eencep\u00e2nd cu ziua modific\u0103rii acestora.<\/p>\n\n\n\n<p>Clientul este sf\u0103tuit ca, anterior emiterii\/valid\u0103rii unei comenzi, s\u0103 consulte cu aten\u021bie \u201cTermenii \u0219i Condi\u021biile\u201d pentru a putea lua la cuno\u0219tin\u021b\u0103 de modific\u0103rile ap\u0103rute.<\/p>\n\n\n\n<p><strong>4. CARACTERISTICILE PRODUSELOR<\/strong><\/p>\n\n\n\n<p>babyconfort.ro prezint\u0103 pe site produsele \u00eempreun\u0103 cu descrierea c\u00e2t mai detaliat\u0103 a acestora, permi\u021b\u00e2nd Clientului s\u0103 ia la cuno\u0219tin\u021b\u0103 informa\u021biile esen\u021biale \u00eenainte de a face o comand\u0103 final\u0103\/definitiv\u0103.<\/p>\n\n\n\n<p>Prin efectuarea unei comenzi, Clientul recunoa\u0219te c\u0103 a luat la cuno\u0219tin\u021b\u0103 toate datele afi\u0219ate pe site despre produsele comandate ( denumire, pre\u021b, greutate, cantitate, informa\u021bii speciale despre produs, diverse limit\u0103ri de cantitate etc) si c\u0103 le accept\u0103 f\u0103r\u0103 nicio rezerv\u0103.<\/p>\n\n\n\n<p>Pozele afi\u0219ate precum \u0219i fisa detaliat\u0103 cu informa\u021bii despre produs nu reprezint\u0103 o sursa contractual\u0103, ci sunt cu titlu informativ. Produsele se afl\u0103 \u00eentr-o continu\u0103 schimbare, furnizorii pot modifica f\u0103r\u0103 un preaviz caracteristicile tehnice, compozi\u021bia produselor sau ambalajul acestora.<\/p>\n\n\n\n<p>Ne str\u0103duim s\u0103 ob\u021binem informa\u021bii exacte despre fiecare produs aflat la v\u00e2nzare pe site-ul www.babyconfort.ro, \u00eens\u0103 nu putem garanta sau asigura exactitatea, integritatea sau actualitatea acestor informa\u021bii.\u00a0<\/p>\n\n\n\n<p>V\u0103 recomand\u0103m s\u0103 nu v\u0103 baza\u021bi numai pe informa\u021biile prezentate, pentru informa\u021bii suplimentare despre un produs, v\u0103 rug\u0103m s\u0103 ne contacta\u021bi.<\/p>\n\n\n\n<p>www.babyconfort.ro nu \u00ee\u0219i asum\u0103 nicio r\u0103spundere pentru eventualele gre\u0219eli sau declara\u021bii eronate cu privire la produse, informa\u021bii luate de pe ambalajul acestora. Con\u021binutul informa\u021biilor despre produs de pe acest site este doar in scopuri de referin\u021ba si nu este destinat s\u0103 \u00eenlocuiasc\u0103 sfatul unor speciali\u0219ti din diverse domenii (de exemplu medical, nutri\u021bie, igiena personala etc.).<\/p>\n\n\n\n<p><strong>5. DISPONBILITATEA PRODUSELOR SI VALIDITATEA OFERTELOR<\/strong><\/p>\n\n\n\n<p>Ofertele de produse \u0219i preturile afi\u0219ate de www.babyconfort.ro sunt valabile at\u00e2ta timp c\u00e2t sunt vizibile pe site \u0219i \u00een limita stocului disponibil. Produsele \u0219i ofertele valabile vor fi semnalizate pe site prin prezen\u021ba butonului \u201cAd\u0103ug\u0103 \u00een co\u0219\u201d, \u00een dreptul acestora.<\/p>\n\n\n\n<p>Simplul fapt de a ad\u0103uga \u00een co\u0219 produse nu \u00eenseamn\u0103 \u0219i validarea automat\u0103 a comenzii, exist\u00e2nd posibilitatea ca \u00eentre momentul \u00eenceperii comenzii prin ad\u0103ugarea produsului \u00een co\u0219 \u0219i validarea acesteia de c\u0103tre Client, produsul\/produsele s\u0103 devin\u0103 indisponibile.<\/p>\n\n\n\n<p>Pentru evitarea situa\u021biei descrise in paragraful anterior, www.babyconfort.ro va depune toate eforturile necesare s\u0103 asigure disponibilitatea gamelor de produse \u0219i servicii oferite.<\/p>\n\n\n\n<p>&nbsp;<strong>6. PRETURILE<\/strong><\/p>\n\n\n\n<p>Preturile produselor \u0219i serviciilor prezentate pe site sunt exprimate \u00een RON \u0219i au toate taxele incluse, inclusiv T.V.A.. Pre\u021burile sunt aplicabile \u00een momentul valid\u0103rii comenzii de c\u0103tre Client.<\/p>\n\n\n\n<p><strong>Important!<\/strong> Taxa de transport variaz\u0103 in func\u021bie de destinatia pachetului si totalul comenzii. Totalul taxei de transport va fi afisat in pagina de finalizare a comenzii.<\/p>\n\n\n\n<p>\u00cen cazul \u00een care pre\u021bul produsului sau unele caracteristici ale acestuia, au fost gre\u0219it introduse \u00een bazele de date ale www.babyconfort.ro sau afi\u0219ate gre\u0219it, iar livrarea nu a fost efectuat\u0103, www.babyconfort.ro \u00ee\u0219i rezerv\u0103 dreptul de a anula livrarea respectivului produs \u0219i de a anun\u021ba Clientul \u00een cel mai scurt timp despre eroarea ap\u0103rut\u0103.<\/p>\n\n\n\n<p><strong>7. COMANDA<\/strong><\/p>\n\n\n\n<p>\u00a0<strong>7.1. Validarea unei comenzi de c\u0103tre Client<\/strong><\/p>\n\n\n\n<p>\u00cen vederea efectu\u0103rii \u0219i \u00eenregistr\u0103rii unei comenzi, Clientul trebuie s\u0103 urmeze instruc\u021biunile afi\u0219ate pe site \u00een acest sens.<\/p>\n\n\n\n<p>\u00cen momentul dinaintea valid\u0103rii comenzii, Clientului i se va pune la dispozi\u021bie un recapitulativ al informa\u021biilor legate de comanda (num\u0103r articole comandate, suma comenzii, tipul de livrare, metoda de plata aleasa, cat si adresa selectata pentru livrare), iar acesta se valideaz\u0103 printr-un simplu \u201cclick\u201d pe butonul \u201cConfirm\u0103 comanda\u201d. Toate comenzile nevalidate nu vor putea fi onorate. Doar simplul fapt de a ad\u0103uga produse \u00een co\u0219 nu \u00eenseamn\u0103 ca a fost validat\u0103 comanda.<\/p>\n\n\n\n<p>\u00a0<strong>7.2. Confirmarea comenzii de c\u0103tre\u00a0 <\/strong>babyconfort.ro<\/p>\n\n\n\n<p>www.babyconfort.ro confirm\u0103 validarea comenzii printr-un e-mail automat trimis c\u0103tre Client, prin intermediul c\u0103ruia i se vor comunica urm\u0103toarele informa\u021bii :<\/p>\n\n\n\n<p>i) lista cu articolele comandate, preturile produselor, tipul de livrare, metoda de plata aleasa, adresa pentru livrarea la domiciliu.<\/p>\n\n\n\n<p>babyconfort.ro poate solicita informa\u021bii suplimentare despre adresa \u0219i ora la care s\u0103 fie livrat\u0103 comanda, \u00een cazul \u00een care informa\u021biile furnizate ini\u021bial de c\u0103tre Client nu sunt suficiente pentru onorarea comenzii. \u00cen acest caz, comanda va fi validat\u0103 doar la primirea noilor informa\u021bii solicitate. \u00cen cazul nefurniz\u0103rii de c\u0103tre Client\u00a0 a informa\u021biilor suplimentare solicitate, www.babyconfort.ro \u00ee\u0219i rezerv\u0103 dreptul de a anula comanda respectiv\u0103.<\/p>\n\n\n\n<p>www.babyconfort.ro \u00ee\u0219i rezerv\u0103 dreptul de a anula o comand\u0103 \u00een cazul \u00een care exist\u0103 probleme cu plata acesteia, in cazul existen\u021bei unui litigiu cu clientul respectiv, \u00een cazul \u00een care comanda este incomplet\u0103, \u00een cazul \u00een care exist\u0103 posibilitatea lipsei din stoc a mai multor produse din respectiva comand\u0103. \u00cen acest caz, www.babyconfort.ro va informa Clientul despre respectiva situa\u021bie printr-o scrisoare electronic\u0103 sau telefonic.<\/p>\n\n\n\n<p>&nbsp;<strong>8. PLATA PRODUSELOR<\/strong><\/p>\n\n\n\n<p><strong>8.1 Plata in numerar<\/strong><\/p>\n\n\n\n<p>Plata \u00een numerar se face \u00een lei, integral, curierului care livreaz\u0103 coletul.&nbsp;<\/p>\n\n\n\n<p><strong>8.2 Plata prin card bancar<\/strong><\/p>\n\n\n\n<p>Tranzac\u021biile bancare de tip e-Commerce (prin care se efectueaz\u0103 plata aferent\u0103 produselor comercializate de babyconfort.ro) sunt asigurate, conform legisla\u021biei \u00een vigoare, de provideri acredita\u021bi \u00een acest sens (ale c\u0103ror sigle se reg\u0103sesc in partea de jos a paginii). Tipurile de carduri acceptate \u00een prezent de partenerii no\u0219tri sunt: MAESTRO, MASTERCARD, VISA \u0219i VISA ELECTRON.<\/p>\n\n\n\n<p><strong>8.3 Plata \u00een avans prin ordin de plat\u0103&nbsp;<\/strong><\/p>\n\n\n\n<p>Plata prin OP se va efectua dup\u0103 confirmarea produselor, si recep\u021bionarea pe e-mail a unei facturi proforme. Plata in avans poate fi efectuat\u0103 in contul SC EUROPE ONE DREAM TREND SRL.<\/p>\n\n\n\n<p><strong>9. LIVRARE<\/strong><\/p>\n\n\n\n<p><strong>9.1. Informatii generale<\/strong><\/p>\n\n\n\n<p>Produsele comandate vor fi livrate la adresa indicata de c\u0103tre Client \u00een procesul efectu\u0103rii comenzii. Clientul se oblig\u0103 s\u0103 fie prezent la recep\u021bionarea comenzii la adresa indicat\u0103 \u00een bonul de comand\u0103.<\/p>\n\n\n\n<p>Clientul are obliga\u021bia de a verifica corectitudinea informa\u021biilor furnizate cu privire la adresa de livrare anterior valid\u0103rii comenzii. (strada, num\u0103rul str\u0103zii, blocul\/cl\u0103direa, num\u0103rul, etajul, codul interfonului, codul po\u0219tal, localitatea, jude\u021bul). \u00cen cazul apari\u021biei unor erori la introducerea acestor informa\u021bii, babyconfort.ro nu va fi f\u0103cut responsabil pentru imposibilitatea livr\u0103rii comenzii.<\/p>\n\n\n\n<p>Livrarea produselor este asigurat\u0103 la nivel na\u021bional in aria de acoperire a curierilor Fan Courier sau Cargus<\/p>\n\n\n\n<p>Comanda va fi livrat\u0103 \u00eentr-o singur\u0103 tran\u0219\u0103, babyconfort.ro poate solicita clientului sec\u021bionarea comenzii \u00een mai multe tran\u0219e de expediere pentru a nu intarzia prea mult anumite produse.<\/p>\n\n\n\n<p><strong>9.2 Conditii de livrare&nbsp;<\/strong><\/p>\n\n\n\n<p>La solicitarea www.babyconfort.ro, Clientul va face dovada identit\u0103\u021bii sale, daca e necesar prin una sau mai multe acte emise de autorit\u0103\u021bi oficial.<\/p>\n\n\n\n<p>\u00cen cazul \u00een care Clientul se afl\u0103 \u00een imposibilitatea recep\u021bionarii comenzii \u00een mod personal, comanda va fi l\u0103sat\u0103 la adresa precizat\u0103 doar unei persoane cu v\u00e2rsta mai mare de 18 ani \u0219i doar \u00een cazul comunic\u0103rii c\u0103tre curier, a num\u0103rului comenzii.&nbsp;<\/p>\n\n\n\n<p>Nicio cerere de livrare a unei comenzi nu va putea fi onorata dac\u0103 Clientul nu \u00eendepline\u0219te condi\u021biile de mai sus.<\/p>\n\n\n\n<p>\u00cen cazul livr\u0103rii la locul de munc\u0103 al Clientului, caz \u00een care Curierul nu poate avea acces \u00een loca\u021bia respectiv\u0103, Clientul trebuie s\u0103 se asigure c\u0103 poate recep\u021biona aceast\u0103 comand\u0103.<\/p>\n\n\n\n<p>Clientul va fi contactat telefonic de c\u0103tre Curier \u00een prealabil pentru a ob\u021bine confirmarea prezen\u021bei acestuia la adresa selectat\u0103 \u00een momentul valid\u0103rii comenzii pe site.<\/p>\n\n\n\n<p>Clientul se oblig\u0103 s\u0103 fie prezent la adresa de livrare indicat\u0103, \u00een caz contrar acesta va putea suporta taxa de transport aferent\u0103 unei posibile noi livr\u0103ri.<\/p>\n\n\n\n<p>Livrarea se consider\u0103 a fi \u00eendeplinit\u0103 de c\u0103tre babyconfort.ro, la momentul pred\u0103rii produselor comandate c\u0103tre Client la adresa selectat\u0103 de acesta la momentul valid\u0103rii comenzii.\u00a0<\/p>\n\n\n\n<p>&nbsp;<strong>9.3. Receptia produselor&nbsp;<\/strong><\/p>\n\n\n\n<p>Clientul se obliga sa semneze bonul de livrare prezentat de c\u0103tre curier la livrarea produselor comandate.<\/p>\n\n\n\n<p>\u00cen cazul unui incident survenit \u00een urma livr\u0103rii comenzii, Clientul se oblig\u0103 s\u0103 contacteze, \u00eentr-un interval nu mai mare de o zi lucr\u0103toare de la primirea produselor, SERVICIUL RELA\u021aII CU CLIEN\u021aII \u0219i s\u0103 reclame problemele ap\u0103rute (dup\u0103 acest interval de timp orice reclama\u021bie cu privire la comanda livrat\u0103 nu va mai fi luat\u0103 \u00een considerare).<\/p>\n\n\n\n<p>babyconfort.ro se angajeaz\u0103 s\u0103 r\u0103spund\u0103 tuturor cererilor \u0219i reclama\u021bilor \u00een maximum 5 zile lucr\u0103toare de la primirea acestora.<\/p>\n\n\n\n<p>&nbsp;<strong>10. PROPRIETATE INTELECTUALA<\/strong><\/p>\n\n\n\n<p>Orice reproducere, desc\u0103rcare, copiere, modificare, utilizare in scopuri comerciale, total\u0103 sau par\u021bial\u0103 a diferitelor elemente ale site-ului (inclusiv con\u021binutul editorial si fotografii) sunt interzise si expune autorul\/autorii s\u0103i la posibile ac\u021bionari \u00een justi\u021bie. Termenii \u0219i Condi\u021biile Generale de v\u00e2nzare nu autorizeaz\u0103 in nici un caz reproducerea, modificarea sau utilizarea comercial\u0103 a diferitelor elemente ale site-ului.<\/p>\n\n\n\n<p>&nbsp;<strong>11. FORTA MAJORA<\/strong><\/p>\n\n\n\n<p>Toate evenimentele de for\u021b\u0103 majora definite de legisla\u021bia rom\u00e2n\u0103 reprezint\u0103 un motiv de suspendare \u0219i stingere a obliga\u021biilor babyconfort.ro. babyconfort.ro nu poate fi tras la r\u0103spundere \u00een aceste cazuri de for\u021b\u0103 major\u0103.<\/p>\n\n\n\n<p>&nbsp;<strong>12. RECLAMA\u021aII \u0218I LITIGII<\/strong><\/p>\n\n\n\n<p>Termenii \u0219i condi\u021biile de v\u00e2nzare sunt supuse legisla\u021biei din Rom\u00e2nia.<\/p>\n\n\n\n<p>\u00cen caz de apari\u021bie a unor litigii Clientul va putea sa depun\u0103 reclama\u021bii c\u0103tre Serviciul de Rela\u021bii cu Clien\u021bii pentru a ajunge la o solu\u021bionare amiabil\u0103. \u00cen condi\u021biile \u00een care nu s-a ajuns la o \u00een\u021belegere amiabil\u0103 \u00eentre p\u0103r\u021bi, litigiul va putea fi solu\u021bionat de c\u0103tre tribunalele din Rom\u00e2nia.<\/p>\n\n\n\n<p><strong>Ultima actualizare: 24.10.2022<\/strong><\/p>\n\n\n\n<p><\/p>\n\n\n\n<p><\/p>\n\n\n\n<p><\/p>","protected":false},"excerpt":{"rendered":"<p>Site-ul www.babyconfort.ro este proprietatea SC EUROPE ONE DREAM TREND SRL cu sediul social \u00een Str. Lotrioara nr. 5, bl. V31, sc. 1, ap. 22, sector 3, Bucure\u0219ti, \u00eenmatriculat\u0103 la Registrul Comer\u021bului sub nr. J40\/29934\/1992, Cod Unic de \u00cenregistrare RO7060930, denumit\u0103 pe parcursul acestor termeni \u0219i condi\u021bii, www.babyconfort.ro. babyconfort.ro este specializ\u0103 \u00een v\u00e2nzarea online, \u00een mare &hellip;<\/p>\n<p class=\"read-more\"> <a class=\"\" href=\"https:\/\/babyconfort.ro\/en\/termeni-conditii\/\"> <span class=\"screen-reader-text\">Termeni si conditii<\/span> Read More &raquo;<\/a><\/p>","protected":false},"author":1,"featured_media":0,"parent":0,"menu_order":0,"comment_status":"closed","ping_status":"closed","template":"","meta":{"_glsr_average":0,"_glsr_ranking":0,"_glsr_reviews":0,"site-sidebar-layout":"default","site-content-layout":"default","ast-main-header-display":"","ast-hfb-above-header-display":"","ast-hfb-below-header-display":"","ast-hfb-mobile-header-display":"","site-post-title":"","ast-breadcrumbs-content":"","ast-featured-img":"","footer-sml-layout":"","theme-transparent-header-meta":"","adv-header-id-meta":"","stick-header-meta":"","header-above-stick-meta":"","header-main-stick-meta":"","header-below-stick-meta":"","footnotes":""},"class_list":["post-35","page","type-page","status-publish","hentry"],"_links":{"self":[{"href":"https:\/\/babyconfort.ro\/en\/wp-json\/wp\/v2\/pages\/35","targetHints":{"allow":["GET"]}}],"collection":[{"href":"https:\/\/babyconfort.ro\/en\/wp-json\/wp\/v2\/pages"}],"about":[{"href":"https:\/\/babyconfort.ro\/en\/wp-json\/wp\/v2\/types\/page"}],"author":[{"embeddable":true,"href":"https:\/\/babyconfort.ro\/en\/wp-json\/wp\/v2\/users\/1"}],"replies":[{"embeddable":true,"href":"https:\/\/babyconfort.ro\/en\/wp-json\/wp\/v2\/comments?post=35"}],"version-history":[{"count":3,"href":"https:\/\/babyconfort.ro\/en\/wp-json\/wp\/v2\/pages\/35\/revisions"}],"predecessor-version":[{"id":634,"href":"https:\/\/babyconfort.ro\/en\/wp-json\/wp\/v2\/pages\/35\/revisions\/634"}],"wp:attachment":[{"href":"https:\/\/babyconfort.ro\/en\/wp-json\/wp\/v2\/media?parent=35"}],"curies":[{"name":"wp","href":"https:\/\/api.w.org\/{rel}","templated":true}]}}