{"id":743,"date":"2022-10-31T13:33:25","date_gmt":"2022-10-31T13:33:25","guid":{"rendered":"https:\/\/babyconfort.ro\/?page_id=743"},"modified":"2022-10-31T13:52:29","modified_gmt":"2022-10-31T13:52:29","slug":"cos-baby","status":"publish","type":"page","link":"https:\/\/babyconfort.ro\/en\/cos-baby\/","title":{"rendered":"Co\u0219 Baby"},"content":{"rendered":"<div data-elementor-type=\"wp-page\" data-elementor-id=\"743\" class=\"elementor elementor-743\">\n\t\t\t\t\t\t\t\t\t<section class=\"elementor-section elementor-top-section elementor-element elementor-element-aaf52ca elementor-section-boxed elementor-section-height-default elementor-section-height-default\" data-id=\"aaf52ca\" data-element_type=\"section\">\n\t\t\t\t\t\t<div class=\"elementor-container elementor-column-gap-default\">\n\t\t\t\t\t<div class=\"elementor-column elementor-col-100 elementor-top-column elementor-element elementor-element-0395cae\" data-id=\"0395cae\" data-element_type=\"column\">\n\t\t\t<div class=\"elementor-widget-wrap elementor-element-populated\">\n\t\t\t\t\t\t\t\t<div class=\"elementor-element elementor-element-e8aad62 elementor-widget elementor-widget-ucaddon_blox_line_text_divider\" data-id=\"e8aad62\" data-element_type=\"widget\" data-widget_type=\"ucaddon_blox_line_text_divider.default\">\n\t\t\t\t<div class=\"elementor-widget-container\">\n\t\t\t<!-- start Line Text Divider -->\n\t\t\t<style type=\"text\/css\">\/* widget: Line Text Divider *\/\n\n#uc_blox_line_text_divider_elementor18394 div.blox_hr\n{\n  display:inline-block;\n  width:100%;\n  background-color: #000000;\n  height:1px;\n}\n#uc_blox_line_text_divider_elementor18394 div.blox_hr_txt\n{\n  display: inline-block;\n  position: relative;\n  margin: 0;\n  padding: 5px 10px;\n  border: 1px solid #000000;\n  transform: translateX(-50%);\n  transform: translateY(-50%);\n  color: #000000;\n  text-align: center;\n  background-color: #fff;\n}\n\n<\/style>\n\n\t\t\t<div id=\"uc_blox_line_text_divider_elementor18394\" style=\"text-align:center;\">\n  <div class=\"blox_hr\"><div class=\"blox_hr_txt\">CO\u0218<\/div><\/div>\n<\/div>\n\t\t\t<!-- end Line Text Divider -->\t\t<\/div>\n\t\t\t\t<\/div>\n\t\t\t\t\t<\/div>\n\t\t<\/div>\n\t\t\t\t\t\t\t<\/div>\n\t\t<\/section>\n\t\t\t\t\t\t\t<\/div>","protected":false},"excerpt":{"rendered":"<p>CO\u0218 \u00cenl\u0103tur\u0103 produsul Imagine miniatur\u0103 Produs Pre\u021b Cantitate Sub-total &times; Aleze\/Protectii pentru pat Paddlers, 60cm x 60 cm 30,00&nbsp;lei Cantitate Aleze\/Protectii pentru pat Paddlers, 60cm x 60 cm 30,00&nbsp;lei APLIC\u0102 Total Sub-total 30,00&nbsp;lei Total 30,00&nbsp;lei FINALIZARE<\/p>","protected":false},"author":1,"featured_media":0,"parent":0,"menu_order":0,"comment_status":"closed","ping_status":"closed","template":"","meta":{"_glsr_average":0,"_glsr_ranking":0,"_glsr_reviews":0,"site-sidebar-layout":"no-sidebar","site-content-layout":"page-builder","ast-main-header-display":"","ast-hfb-above-header-display":"","ast-hfb-below-header-display":"","ast-hfb-mobile-header-display":"","site-post-title":"disabled","ast-breadcrumbs-content":"","ast-featured-img":"disabled","footer-sml-layout":"","theme-transparent-header-meta":"","adv-header-id-meta":"","stick-header-meta":"","header-above-stick-meta":"","header-main-stick-meta":"","header-below-stick-meta":"","footnotes":""},"class_list":["post-743","page","type-page","status-publish","hentry"],"_links":{"self":[{"href":"https:\/\/babyconfort.ro\/en\/wp-json\/wp\/v2\/pages\/743","targetHints":{"allow":["GET"]}}],"collection":[{"href":"https:\/\/babyconfort.ro\/en\/wp-json\/wp\/v2\/pages"}],"about":[{"href":"https:\/\/babyconfort.ro\/en\/wp-json\/wp\/v2\/types\/page"}],"author":[{"embeddable":true,"href":"https:\/\/babyconfort.ro\/en\/wp-json\/wp\/v2\/users\/1"}],"replies":[{"embeddable":true,"href":"https:\/\/babyconfort.ro\/en\/wp-json\/wp\/v2\/comments?post=743"}],"version-history":[{"count":10,"href":"https:\/\/babyconfort.ro\/en\/wp-json\/wp\/v2\/pages\/743\/revisions"}],"predecessor-version":[{"id":755,"href":"https:\/\/babyconfort.ro\/en\/wp-json\/wp\/v2\/pages\/743\/revisions\/755"}],"wp:attachment":[{"href":"https:\/\/babyconfort.ro\/en\/wp-json\/wp\/v2\/media?parent=743"}],"curies":[{"name":"wp","href":"https:\/\/api.w.org\/{rel}","templated":true}]}}